{"id":79,"date":"2025-06-29T20:45:54","date_gmt":"2025-06-29T20:45:54","guid":{"rendered":"https:\/\/www.ottinger-hagen.de\/?page_id=79"},"modified":"2025-07-26T09:37:00","modified_gmt":"2025-07-26T09:37:00","slug":"nutzungshinweise","status":"publish","type":"page","link":"https:\/\/www.ottinger-hagen.de\/index.php\/homepage\/nutzungshinweise\/","title":{"rendered":"Nutzungshinweise"},"content":{"rendered":"\n<h3 class=\"wp-block-heading\">Disclaimer \/ Nutzungshinweise<\/h3>\n\n\n\n<p>Die Darstellungen auf dieser Website dienen allein der Information \u00fcber meine T\u00e4tigkeit. Sie stellen zu keinem Zeitpunkt den Bestandteil einer Empfehlung, eines verbindlichen Angebotes oder eines Behandlungs- oder Beratungsvertrages dar.<\/p>\n\n\n\n<p>1. Inhalt<br>Die Praxis Ottinger \u00fcbernimmt keinerlei Gew\u00e4hr f\u00fcr die Aktualit\u00e4t, Korrektheit, Vollst\u00e4ndigkeit oder Qualit\u00e4t der bereitgestellten Informationen. Haftungsanspr\u00fcche gleich welcher Art gegen die Praxis Ottinger, die sich auf die Nutzung oder Nichtnutzung der bereitgestellten Informationen beziehen, sind grunds\u00e4tzlich ausgeschlossen. Ausgenommen Vorsatz oder grobe Fahrl\u00e4ssigkeit. Alle Angebote sind freibleibend und unverbindlich. Die Praxis Ottinger beh\u00e4lt sich ausdr\u00fccklich vor, Teile der Seiten oder das gesamte Angebot ohne gesonderte Ank\u00fcndigung zu ver\u00e4ndern, zu erg\u00e4nzen, zu l\u00f6schen oder die Ver\u00f6ffentlichung zeitweise oder endg\u00fcltig einzustellen.<\/p>\n\n\n\n<p>2. Verweise und Links<br>Trotz sorgf\u00e4ltiger inhaltlicher Kontrolle \u00fcbernimmt die Praxis Ottinger keine Haftung f\u00fcr die Inhalte externer Links. F\u00fcr den Inhalt der verlinkten Seiten sind ausschlie\u00dflich<br>deren Betreiber verantwortlich. Ich distanziere mich hiermit ausdr\u00fccklich von den Inhalten aller gelinkten \/ verkn\u00fcpften Seiten, sofern sie nach der Linksetzung ver\u00e4ndert wurden. Ich erkl\u00e4re zudem ausdr\u00fccklich, dass die entsprechenden verlinkten Seiten zum Zeitpunkt der Linksetzung frei von illegalen Inhalten waren.<\/p>\n\n\n\n<p>3. Urheber- und Kennzeichenrecht<br>Das Copyright aller auf diesen Seiten selbst erstellten Dokumente liegt bei der Praxis Ottinger. Jede Vervielf\u00e4ltigung oder Verwendung ist ohne ausdr\u00fcckliche Zustimmung der Praxis Ottinger nicht gestattet. Ich bin bem\u00fcht, in meinen Publikationen die Urheberrechte der verwendeten Dokumente zu beachten. Alle unter www.ottinger-hagen.de genannten Marken- und Warenzeichen unterliegen uneingeschr\u00e4nkt den Bestimmungen des jeweils g\u00fcltigen Kennzeichenrechts und den Besitzrechten des jeweils eingetragenen Eigent\u00fcmers.<\/p>\n\n\n\n<p>4. Salvatorische Klausel<br>Dieser Haftungsausschluss ist als Teil des Internetangebotes zu betrachten, von dem aus auf diese Seite verwiesen wurde. Sofern Teile oder einzelne Formulierungen dieses Textes der geltenden Rechtslage nicht, nicht mehr oder nicht vollst\u00e4ndig entsprechen sollten, bleiben die \u00fcbrigen Teile des Dokumentes in ihrem Inhalt und ihrer G\u00fcltigkeit davon unber\u00fchrt.<\/p>\n\n\n\n<p>Gerichtsstand ist Hagen<\/p>\n","protected":false},"excerpt":{"rendered":"<p>Disclaimer \/ Nutzungshinweise Die Darstellungen auf dieser Website dienen allein der Information \u00fcber meine T\u00e4tigkeit. Sie stellen zu keinem Zeitpunkt [&hellip;]<\/p>\n","protected":false},"author":1,"featured_media":0,"parent":251,"menu_order":1,"comment_status":"closed","ping_status":"closed","template":"","meta":{"site-sidebar-layout":"default","site-content-layout":"","ast-site-content-layout":"default","site-content-style":"default","site-sidebar-style":"default","ast-global-header-display":"","ast-banner-title-visibility":"","ast-main-header-display":"","ast-hfb-above-header-display":"","ast-hfb-below-header-display":"","ast-hfb-mobile-header-display":"","site-post-title":"disabled","ast-breadcrumbs-content":"","ast-featured-img":"","footer-sml-layout":"","theme-transparent-header-meta":"","adv-header-id-meta":"","stick-header-meta":"","header-above-stick-meta":"","header-main-stick-meta":"","header-below-stick-meta":"","astra-migrate-meta-layouts":"default","ast-page-background-enabled":"default","ast-page-background-meta":{"desktop":{"background-color":"var(--ast-global-color-5)","background-image":"","background-repeat":"repeat","background-position":"center center","background-size":"auto","background-attachment":"scroll","background-type":"","background-media":"","overlay-type":"","overlay-color":"","overlay-opacity":"","overlay-gradient":""},"tablet":{"background-color":"","background-image":"","background-repeat":"repeat","background-position":"center center","background-size":"auto","background-attachment":"scroll","background-type":"","background-media":"","overlay-type":"","overlay-color":"","overlay-opacity":"","overlay-gradient":""},"mobile":{"background-color":"","background-image":"","background-repeat":"repeat","background-position":"center center","background-size":"auto","background-attachment":"scroll","background-type":"","background-media":"","overlay-type":"","overlay-color":"","overlay-opacity":"","overlay-gradient":""}},"ast-content-background-meta":{"desktop":{"background-color":"var(--ast-global-color-4)","background-image":"","background-repeat":"repeat","background-position":"center center","background-size":"auto","background-attachment":"scroll","background-type":"","background-media":"","overlay-type":"","overlay-color":"","overlay-opacity":"","overlay-gradient":""},"tablet":{"background-color":"var(--ast-global-color-4)","background-image":"","background-repeat":"repeat","background-position":"center center","background-size":"auto","background-attachment":"scroll","background-type":"","background-media":"","overlay-type":"","overlay-color":"","overlay-opacity":"","overlay-gradient":""},"mobile":{"background-color":"var(--ast-global-color-4)","background-image":"","background-repeat":"repeat","background-position":"center center","background-size":"auto","background-attachment":"scroll","background-type":"","background-media":"","overlay-type":"","overlay-color":"","overlay-opacity":"","overlay-gradient":""}},"footnotes":""},"class_list":["post-79","page","type-page","status-publish","hentry"],"_links":{"self":[{"href":"https:\/\/www.ottinger-hagen.de\/index.php\/wp-json\/wp\/v2\/pages\/79","targetHints":{"allow":["GET"]}}],"collection":[{"href":"https:\/\/www.ottinger-hagen.de\/index.php\/wp-json\/wp\/v2\/pages"}],"about":[{"href":"https:\/\/www.ottinger-hagen.de\/index.php\/wp-json\/wp\/v2\/types\/page"}],"author":[{"embeddable":true,"href":"https:\/\/www.ottinger-hagen.de\/index.php\/wp-json\/wp\/v2\/users\/1"}],"replies":[{"embeddable":true,"href":"https:\/\/www.ottinger-hagen.de\/index.php\/wp-json\/wp\/v2\/comments?post=79"}],"version-history":[{"count":2,"href":"https:\/\/www.ottinger-hagen.de\/index.php\/wp-json\/wp\/v2\/pages\/79\/revisions"}],"predecessor-version":[{"id":379,"href":"https:\/\/www.ottinger-hagen.de\/index.php\/wp-json\/wp\/v2\/pages\/79\/revisions\/379"}],"up":[{"embeddable":true,"href":"https:\/\/www.ottinger-hagen.de\/index.php\/wp-json\/wp\/v2\/pages\/251"}],"wp:attachment":[{"href":"https:\/\/www.ottinger-hagen.de\/index.php\/wp-json\/wp\/v2\/media?parent=79"}],"curies":[{"name":"wp","href":"https:\/\/api.w.org\/{rel}","templated":true}]}}