{"id":71,"date":"2025-06-29T19:00:53","date_gmt":"2025-06-29T19:00:53","guid":{"rendered":"https:\/\/www.ottinger-hagen.de\/?page_id=71"},"modified":"2025-07-26T09:36:49","modified_gmt":"2025-07-26T09:36:49","slug":"impressum","status":"publish","type":"page","link":"https:\/\/www.ottinger-hagen.de\/index.php\/homepage\/impressum\/","title":{"rendered":"Impressum"},"content":{"rendered":"\n<h2 class=\"wp-block-heading\">IMPRESSUM<\/h2>\n\n\n\n<p><strong>Orthop\u00e4dische Praxis<\/strong><\/p>\n\n\n\n<p><strong>Stefan Ottinger<\/strong><\/p>\n\n\n\n<p>Fach\u00e4rztliche Praxis f\u00fcr Orthop\u00e4die<\/p>\n\n\n\n<p><strong><br>Stefan Ottinger<\/strong><br>Facharzt f\u00fcr Orthop\u00e4die<br>Chirotherapie, Osteopathie, R\u00f6ntgendiagnostik (fachgebunden)<br>Abschluss verliehen in Deutschland<\/p>\n\n\n\n<p><strong>Praxissitz<\/strong><br>Elberfelder Str 74<br>58095 Hagen<br>Tel. 02331 \/ 16860<br>Fax: 02331\/ 204021<br>E-Mail:&nbsp;<a href=\"mailto:praxis@ottinger-hagen.de\">praxis@ottinger-hagen.de<\/a><\/p>\n\n\n\n<p><strong><br>Zust\u00e4ndige \u00c4rztekammer<\/strong><br>\u00c4rztekammer Westfalen-Lippe<br>Gartenstr. 210-214<br>48147 M\u00fcnster<\/p>\n\n\n\n<p><strong><br>Zust\u00e4ndige Kassen\u00e4rztliche Vereinigung<\/strong><br>Kassen\u00e4rztliche Vereinigung Westfalen-Lippe<br>Robert-Schimrigk-Str. 4-6<br>44141 Dortmund<\/p>\n\n\n\n<p><strong><br>Inhaltlich verantwortlich gem\u00e4\u00df \u00a7 10 Abs. 3 MDStV:<\/strong><br>Stefan Ottinger<br>\u00c4rztekammer Westfalen Lippe, M\u00fcnster<br>Berufsbezeichnungen erworben in der BRD<\/p>\n\n\n\n<p><strong><br>Berufsrechtliche Regelungen<\/strong><br>Berufsordnung der \u00c4rztekammer WL<br>Heilberufegesetz des Landes NRW<\/p>\n\n\n\n<p><strong><br>Copyright Logo<\/strong><br>Stefan Ottinger<\/p>\n","protected":false},"excerpt":{"rendered":"<p>IMPRESSUM Orthop\u00e4dische Praxis Stefan Ottinger Fach\u00e4rztliche Praxis f\u00fcr Orthop\u00e4die Stefan OttingerFacharzt f\u00fcr Orthop\u00e4dieChirotherapie, Osteopathie, R\u00f6ntgendiagnostik (fachgebunden)Abschluss verliehen in Deutschland PraxissitzElberfelder [&hellip;]<\/p>\n","protected":false},"author":1,"featured_media":0,"parent":251,"menu_order":1,"comment_status":"closed","ping_status":"closed","template":"","meta":{"site-sidebar-layout":"default","site-content-layout":"","ast-site-content-layout":"default","site-content-style":"default","site-sidebar-style":"default","ast-global-header-display":"","ast-banner-title-visibility":"","ast-main-header-display":"","ast-hfb-above-header-display":"","ast-hfb-below-header-display":"","ast-hfb-mobile-header-display":"","site-post-title":"disabled","ast-breadcrumbs-content":"","ast-featured-img":"","footer-sml-layout":"","theme-transparent-header-meta":"","adv-header-id-meta":"","stick-header-meta":"","header-above-stick-meta":"","header-main-stick-meta":"","header-below-stick-meta":"","astra-migrate-meta-layouts":"default","ast-page-background-enabled":"default","ast-page-background-meta":{"desktop":{"background-color":"var(--ast-global-color-5)","background-image":"","background-repeat":"repeat","background-position":"center center","background-size":"auto","background-attachment":"scroll","background-type":"","background-media":"","overlay-type":"","overlay-color":"","overlay-opacity":"","overlay-gradient":""},"tablet":{"background-color":"","background-image":"","background-repeat":"repeat","background-position":"center center","background-size":"auto","background-attachment":"scroll","background-type":"","background-media":"","overlay-type":"","overlay-color":"","overlay-opacity":"","overlay-gradient":""},"mobile":{"background-color":"","background-image":"","background-repeat":"repeat","background-position":"center center","background-size":"auto","background-attachment":"scroll","background-type":"","background-media":"","overlay-type":"","overlay-color":"","overlay-opacity":"","overlay-gradient":""}},"ast-content-background-meta":{"desktop":{"background-color":"var(--ast-global-color-4)","background-image":"","background-repeat":"repeat","background-position":"center center","background-size":"auto","background-attachment":"scroll","background-type":"","background-media":"","overlay-type":"","overlay-color":"","overlay-opacity":"","overlay-gradient":""},"tablet":{"background-color":"var(--ast-global-color-4)","background-image":"","background-repeat":"repeat","background-position":"center center","background-size":"auto","background-attachment":"scroll","background-type":"","background-media":"","overlay-type":"","overlay-color":"","overlay-opacity":"","overlay-gradient":""},"mobile":{"background-color":"var(--ast-global-color-4)","background-image":"","background-repeat":"repeat","background-position":"center center","background-size":"auto","background-attachment":"scroll","background-type":"","background-media":"","overlay-type":"","overlay-color":"","overlay-opacity":"","overlay-gradient":""}},"footnotes":""},"class_list":["post-71","page","type-page","status-publish","hentry"],"_links":{"self":[{"href":"https:\/\/www.ottinger-hagen.de\/index.php\/wp-json\/wp\/v2\/pages\/71","targetHints":{"allow":["GET"]}}],"collection":[{"href":"https:\/\/www.ottinger-hagen.de\/index.php\/wp-json\/wp\/v2\/pages"}],"about":[{"href":"https:\/\/www.ottinger-hagen.de\/index.php\/wp-json\/wp\/v2\/types\/page"}],"author":[{"embeddable":true,"href":"https:\/\/www.ottinger-hagen.de\/index.php\/wp-json\/wp\/v2\/users\/1"}],"replies":[{"embeddable":true,"href":"https:\/\/www.ottinger-hagen.de\/index.php\/wp-json\/wp\/v2\/comments?post=71"}],"version-history":[{"count":10,"href":"https:\/\/www.ottinger-hagen.de\/index.php\/wp-json\/wp\/v2\/pages\/71\/revisions"}],"predecessor-version":[{"id":378,"href":"https:\/\/www.ottinger-hagen.de\/index.php\/wp-json\/wp\/v2\/pages\/71\/revisions\/378"}],"up":[{"embeddable":true,"href":"https:\/\/www.ottinger-hagen.de\/index.php\/wp-json\/wp\/v2\/pages\/251"}],"wp:attachment":[{"href":"https:\/\/www.ottinger-hagen.de\/index.php\/wp-json\/wp\/v2\/media?parent=71"}],"curies":[{"name":"wp","href":"https:\/\/api.w.org\/{rel}","templated":true}]}}