{"id":333,"date":"2025-07-23T17:29:54","date_gmt":"2025-07-23T17:29:54","guid":{"rendered":"https:\/\/www.ottinger-hagen.de\/?page_id=333"},"modified":"2025-08-10T17:46:50","modified_gmt":"2025-08-10T17:46:50","slug":"neue-startseite","status":"publish","type":"page","link":"https:\/\/www.ottinger-hagen.de\/","title":{"rendered":"Startseite"},"content":{"rendered":"\t\t<div data-elementor-type=\"wp-page\" data-elementor-id=\"333\" class=\"elementor elementor-333\">\n\t\t\t\t<div class=\"elementor-element elementor-element-3374224 e-con-full e-flex e-con e-parent\" data-id=\"3374224\" data-element_type=\"container\">\n\t\t\t\t<div class=\"elementor-element elementor-element-6c5634a elementor-widget elementor-widget-heading\" data-id=\"6c5634a\" data-element_type=\"widget\" data-widget_type=\"heading.default\">\n\t\t\t\t\t<h2 class=\"elementor-heading-title elementor-size-default\">Leistungsspektrum<\/h2>\t\t\t\t<\/div>\n\t\t\t\t<\/div>\n\t\t<div class=\"elementor-element elementor-element-0f5e04a e-grid e-con-full e-con e-parent\" data-id=\"0f5e04a\" data-element_type=\"container\">\n\t\t\t\t<div class=\"elementor-element elementor-element-2823736 elementor-widget elementor-widget-text-editor\" data-id=\"2823736\" data-element_type=\"widget\" data-widget_type=\"text-editor.default\">\n\t\t\t\t\t\t\t\t\t<p>Chirotherapie<\/p>\t\t\t\t\t\t\t\t<\/div>\n\t\t\t\t<div class=\"elementor-element elementor-element-e4ceb5d elementor-widget elementor-widget-text-editor\" data-id=\"e4ceb5d\" data-element_type=\"widget\" data-widget_type=\"text-editor.default\">\n\t\t\t\t\t\t\t\t\t<p>Trigger-Akupunktur<\/p>\t\t\t\t\t\t\t\t<\/div>\n\t\t\t\t<div class=\"elementor-element elementor-element-a58bdac elementor-widget elementor-widget-text-editor\" data-id=\"a58bdac\" data-element_type=\"widget\" data-widget_type=\"text-editor.default\">\n\t\t\t\t\t\t\t\t\t<p>Osteopathie<\/p>\t\t\t\t\t\t\t\t<\/div>\n\t\t\t\t<div class=\"elementor-element elementor-element-09c34d0 elementor-widget elementor-widget-text-editor\" data-id=\"09c34d0\" data-element_type=\"widget\" data-widget_type=\"text-editor.default\">\n\t\t\t\t\t\t\t\t\t<p>Digitale R\u00f6ntgendiagnostik (fachgebunden)<\/p>\t\t\t\t\t\t\t\t<\/div>\n\t\t\t\t<\/div>\n\t\t<div class=\"elementor-element elementor-element-9175c81 e-con-full e-flex e-con e-parent\" data-id=\"9175c81\" data-element_type=\"container\">\n\t\t\t\t<div class=\"elementor-element elementor-element-30bf9eb elementor-widget elementor-widget-heading\" data-id=\"30bf9eb\" data-element_type=\"widget\" data-widget_type=\"heading.default\">\n\t\t\t\t\t<h2 class=\"elementor-heading-title elementor-size-default\">Termine<\/h2>\t\t\t\t<\/div>\n\t\t\t\t<div class=\"elementor-element elementor-element-d5e4faa elementor-align-center elementor-widget elementor-widget-button\" data-id=\"d5e4faa\" data-element_type=\"widget\" data-widget_type=\"button.default\">\n\t\t\t\t\t\t\t\t\t\t<a class=\"elementor-button elementor-button-link elementor-size-sm\" href=\"https:\/\/app.arzt-direkt.de\/praxis-ottinger\/booking\">\n\t\t\t\t\t\t<span class=\"elementor-button-content-wrapper\">\n\t\t\t\t\t\t\t\t\t<span class=\"elementor-button-text\">Termin online buchen<\/span>\n\t\t\t\t\t<\/span>\n\t\t\t\t\t<\/a>\n\t\t\t\t\t\t\t\t<\/div>\n\t\t\t\t<div class=\"elementor-element elementor-element-f6f158b elementor-widget elementor-widget-heading\" data-id=\"f6f158b\" data-element_type=\"widget\" data-widget_type=\"heading.default\">\n\t\t\t\t\t<h2 class=\"elementor-heading-title elementor-size-default\">\u00d6ffnungszeiten<\/h2>\t\t\t\t<\/div>\n\t\t\t\t<div class=\"elementor-element elementor-element-82404c9 elementor-widget elementor-widget-text-editor\" data-id=\"82404c9\" data-element_type=\"widget\" data-widget_type=\"text-editor.default\">\n\t\t\t\t\t\t\t\t\t<p><strong>\u00d6ffnungszeiten<\/strong><br \/>Montag \u00a0 \u00a0 \u00a0 \u00a0 8:00 \u2013 13:00 und 13:30 \u2013 17:00<br \/>Dienstag \u00a0 \u00a0 \u00a0 8:00 \u2013 13:00 und 13:30 \u2013 17:00<br \/>Mittwoch \u00a0 \u00a0 \u00a08:00 \u2013 13:00<br \/>Donnerstag\u00a0 8:00 \u2013 13:00 und 13:30 \u2013 17:00<br \/>Freitag\u00a0 \u00a0 \u00a0 \u00a0 \u00a0 8:00 \u2013 13:00 (Nach vorheriger Vereinbarung)<\/p>\t\t\t\t\t\t\t\t<\/div>\n\t\t\t\t<div class=\"elementor-element elementor-element-e9b2f42 elementor-widget elementor-widget-heading\" data-id=\"e9b2f42\" data-element_type=\"widget\" data-widget_type=\"heading.default\">\n\t\t\t\t\t<h2 class=\"elementor-heading-title elementor-size-default\">Anfahrt<\/h2>\t\t\t\t<\/div>\n\t\t\t\t<\/div>\n\t\t<div class=\"elementor-element elementor-element-4a6dca4 e-grid e-con-full e-con e-parent\" data-id=\"4a6dca4\" data-element_type=\"container\">\n\t\t\t\t<div class=\"elementor-element elementor-element-1548948 elementor-widget elementor-widget-text-editor\" data-id=\"1548948\" data-element_type=\"widget\" data-widget_type=\"text-editor.default\">\n\t\t\t\t\t\t\t\t\t<p><strong>Adresse<\/strong><br \/>Elberfelder Stra\u00dfe 74<br \/>58095 Hagen<\/p>\t\t\t\t\t\t\t\t<\/div>\n\t\t\t\t<div class=\"elementor-element elementor-element-66110cd elementor-widget elementor-widget-text-editor\" data-id=\"66110cd\" data-element_type=\"widget\" data-widget_type=\"text-editor.default\">\n\t\t\t\t\t\t\t\t\t<p><strong>Mit dem Aufzug<\/strong><br \/><em>2.OG:<\/em>\u00a0Orthop\u00e4dische Praxis<br \/><em>1.OG:<\/em>\u00a0Zahnarztpraxis\/ Physiotherapie<br \/><em>EG:<\/em>\u00a0Apotheke\/Sanit\u00e4ts-haus<\/p>\t\t\t\t\t\t\t\t<\/div>\n\t\t\t\t<div class=\"elementor-element elementor-element-1c47a25 elementor-widget elementor-widget-text-editor\" data-id=\"1c47a25\" data-element_type=\"widget\" data-widget_type=\"text-editor.default\">\n\t\t\t\t\t\t\t\t\t<p>Nutzen sie bitte an der Stra\u00dfe den QR Code seitlich an den Parkautomatens\u00e4ulen f\u00fcr die Handy App oder die umliegenden Parkh\u00e4user z.B. in der Bahnhofstrasse \u00fcber der Polizeiwache.<\/p>\t\t\t\t\t\t\t\t<\/div>\n\t\t\t\t<div class=\"elementor-element elementor-element-a16359b elementor-widget elementor-widget-text-editor\" data-id=\"a16359b\" data-element_type=\"widget\" data-widget_type=\"text-editor.default\">\n\t\t\t\t\t\t\t\t\t<p>Es wird t\u00e4glich vom Ordnungsamt sehr h\u00e4ufig und sehr gewissenhaft auf Parkzeit\u00fcberschreitung kontrolliert<\/p>\t\t\t\t\t\t\t\t<\/div>\n\t\t\t\t<\/div>\n\t\t\t\t<\/div>\n\t\t","protected":false},"excerpt":{"rendered":"<p>Leistungsspektrum Chirotherapie Trigger-Akupunktur Osteopathie Digitale R\u00f6ntgendiagnostik (fachgebunden) Termine Termin online buchen \u00d6ffnungszeiten \u00d6ffnungszeitenMontag \u00a0 \u00a0 \u00a0 \u00a0 8:00 \u2013 13:00 [&hellip;]<\/p>\n","protected":false},"author":1,"featured_media":0,"parent":0,"menu_order":0,"comment_status":"closed","ping_status":"closed","template":"","meta":{"site-sidebar-layout":"default","site-content-layout":"","ast-site-content-layout":"default","site-content-style":"default","site-sidebar-style":"default","ast-global-header-display":"","ast-banner-title-visibility":"","ast-main-header-display":"","ast-hfb-above-header-display":"","ast-hfb-below-header-display":"","ast-hfb-mobile-header-display":"","site-post-title":"","ast-breadcrumbs-content":"","ast-featured-img":"","footer-sml-layout":"","theme-transparent-header-meta":"","adv-header-id-meta":"","stick-header-meta":"","header-above-stick-meta":"","header-main-stick-meta":"","header-below-stick-meta":"","astra-migrate-meta-layouts":"default","ast-page-background-enabled":"default","ast-page-background-meta":{"desktop":{"background-color":"var(--ast-global-color-5)","background-image":"","background-repeat":"repeat","background-position":"center center","background-size":"auto","background-attachment":"scroll","background-type":"","background-media":"","overlay-type":"","overlay-color":"","overlay-opacity":"","overlay-gradient":""},"tablet":{"background-color":"","background-image":"","background-repeat":"repeat","background-position":"center center","background-size":"auto","background-attachment":"scroll","background-type":"","background-media":"","overlay-type":"","overlay-color":"","overlay-opacity":"","overlay-gradient":""},"mobile":{"background-color":"","background-image":"","background-repeat":"repeat","background-position":"center center","background-size":"auto","background-attachment":"scroll","background-type":"","background-media":"","overlay-type":"","overlay-color":"","overlay-opacity":"","overlay-gradient":""}},"ast-content-background-meta":{"desktop":{"background-color":"var(--ast-global-color-4)","background-image":"","background-repeat":"repeat","background-position":"center center","background-size":"auto","background-attachment":"scroll","background-type":"","background-media":"","overlay-type":"","overlay-color":"","overlay-opacity":"","overlay-gradient":""},"tablet":{"background-color":"var(--ast-global-color-4)","background-image":"","background-repeat":"repeat","background-position":"center center","background-size":"auto","background-attachment":"scroll","background-type":"","background-media":"","overlay-type":"","overlay-color":"","overlay-opacity":"","overlay-gradient":""},"mobile":{"background-color":"var(--ast-global-color-4)","background-image":"","background-repeat":"repeat","background-position":"center center","background-size":"auto","background-attachment":"scroll","background-type":"","background-media":"","overlay-type":"","overlay-color":"","overlay-opacity":"","overlay-gradient":""}},"footnotes":""},"class_list":["post-333","page","type-page","status-publish","hentry"],"_links":{"self":[{"href":"https:\/\/www.ottinger-hagen.de\/index.php\/wp-json\/wp\/v2\/pages\/333","targetHints":{"allow":["GET"]}}],"collection":[{"href":"https:\/\/www.ottinger-hagen.de\/index.php\/wp-json\/wp\/v2\/pages"}],"about":[{"href":"https:\/\/www.ottinger-hagen.de\/index.php\/wp-json\/wp\/v2\/types\/page"}],"author":[{"embeddable":true,"href":"https:\/\/www.ottinger-hagen.de\/index.php\/wp-json\/wp\/v2\/users\/1"}],"replies":[{"embeddable":true,"href":"https:\/\/www.ottinger-hagen.de\/index.php\/wp-json\/wp\/v2\/comments?post=333"}],"version-history":[{"count":54,"href":"https:\/\/www.ottinger-hagen.de\/index.php\/wp-json\/wp\/v2\/pages\/333\/revisions"}],"predecessor-version":[{"id":409,"href":"https:\/\/www.ottinger-hagen.de\/index.php\/wp-json\/wp\/v2\/pages\/333\/revisions\/409"}],"wp:attachment":[{"href":"https:\/\/www.ottinger-hagen.de\/index.php\/wp-json\/wp\/v2\/media?parent=333"}],"curies":[{"name":"wp","href":"https:\/\/api.w.org\/{rel}","templated":true}]}}